{"id":13,"date":"2026-01-04T14:35:51","date_gmt":"2026-01-04T14:35:51","guid":{"rendered":"https:\/\/aerocontactsa.com\/?page_id=13"},"modified":"2026-01-05T17:09:07","modified_gmt":"2026-01-05T17:09:07","slug":"mentions-legales","status":"publish","type":"page","link":"https:\/\/aerocontactsa.com\/?page_id=13","title":{"rendered":"Mentions l\u00e9gales"},"content":{"rendered":"\n<p><strong>Raison sociale :<\/strong><\/p>\n\n\n\n<p>Aerocontact Switzerland SA<\/p>\n\n\n\n<p><strong>Forme juridique :<\/strong><\/p>\n\n\n\n<p>Soci\u00e9t\u00e9 Anonyme (SA)<\/p>\n\n\n\n<p><strong>Si\u00e8ge social :<\/strong><\/p>\n\n\n\n<p>Rue Liotard 62<\/p>\n\n\n\n<p>1203 Gen\u00e8ve<\/p>\n\n\n\n<p>Suisse<\/p>\n\n\n\n<p><strong>Adresse e-mail :<\/strong><\/p>\n\n\n\n<p>contact@aerocontactsa.com<\/p>\n\n\n\n<p><strong>Responsable de la publication :<\/strong><\/p>\n\n\n\n<p>Aerocontact Switzerland SA<\/p>\n\n\n\n<p><strong>H\u00e9bergement du site :<\/strong><\/p>\n\n\n\n<p>Namecheap, Inc.<\/p>\n\n\n\n<p>4600 East Washington Street<\/p>\n\n\n\n<p>Suite 305<\/p>\n\n\n\n<p>Phoenix, AZ 85034<\/p>\n\n\n\n<p>\u00c9tats-Unis<\/p>\n\n\n\n<p>Site web : https:\/\/www.namecheap.com<\/p>\n\n\n\n<p><strong>Propri\u00e9t\u00e9 intellectuelle :<\/strong><\/p>\n\n\n\n<p>L\u2019ensemble des contenus pr\u00e9sents sur ce site (textes, \u00e9l\u00e9ments graphiques, logos) est la propri\u00e9t\u00e9 exclusive d\u2019Aerocontact Switzerland SA, sauf mention contraire.<\/p>\n\n\n\n<p>Toute reproduction, distribution ou utilisation sans autorisation pr\u00e9alable est interdite.<\/p>\n\n\n\n<p><strong>Responsabilit\u00e9 :<\/strong><\/p>\n\n\n\n<p>Aerocontact Switzerland SA s\u2019efforce d\u2019assurer l\u2019exactitude des informations publi\u00e9es sur ce site. Toutefois, elle ne saurait \u00eatre tenue responsable des erreurs ou omissions, ni de l\u2019utilisation qui pourrait \u00eatre faite des informations diffus\u00e9es.<\/p>\n","protected":false},"excerpt":{"rendered":"<p>Raison sociale : Aerocontact Switzerland SA Forme juridique : Soci\u00e9t\u00e9 Anonyme (SA) Si\u00e8ge social : Rue Liotard 62 1203 Gen\u00e8ve Suisse Adresse e-mail : contact@aerocontactsa.com Responsable de la publication : Aerocontact Switzerland SA H\u00e9bergement du site : Namecheap, Inc. 4600 East Washington Street Suite 305 Phoenix, AZ 85034 \u00c9tats-Unis Site web : https:\/\/www.namecheap.com Propri\u00e9t\u00e9 intellectuelle [&hellip;]<\/p>\n","protected":false},"author":1,"featured_media":0,"parent":0,"menu_order":0,"comment_status":"closed","ping_status":"closed","template":"","meta":{"footnotes":""},"class_list":["post-13","page","type-page","status-publish","hentry"],"_links":{"self":[{"href":"https:\/\/aerocontactsa.com\/index.php?rest_route=\/wp\/v2\/pages\/13","targetHints":{"allow":["GET"]}}],"collection":[{"href":"https:\/\/aerocontactsa.com\/index.php?rest_route=\/wp\/v2\/pages"}],"about":[{"href":"https:\/\/aerocontactsa.com\/index.php?rest_route=\/wp\/v2\/types\/page"}],"author":[{"embeddable":true,"href":"https:\/\/aerocontactsa.com\/index.php?rest_route=\/wp\/v2\/users\/1"}],"replies":[{"embeddable":true,"href":"https:\/\/aerocontactsa.com\/index.php?rest_route=%2Fwp%2Fv2%2Fcomments&post=13"}],"version-history":[{"count":2,"href":"https:\/\/aerocontactsa.com\/index.php?rest_route=\/wp\/v2\/pages\/13\/revisions"}],"predecessor-version":[{"id":21,"href":"https:\/\/aerocontactsa.com\/index.php?rest_route=\/wp\/v2\/pages\/13\/revisions\/21"}],"wp:attachment":[{"href":"https:\/\/aerocontactsa.com\/index.php?rest_route=%2Fwp%2Fv2%2Fmedia&parent=13"}],"curies":[{"name":"wp","href":"https:\/\/api.w.org\/{rel}","templated":true}]}}