{"id":18,"date":"2026-01-05T17:02:19","date_gmt":"2026-01-05T17:02:19","guid":{"rendered":"https:\/\/aerocontactsa.com\/?page_id=18"},"modified":"2026-01-05T17:02:19","modified_gmt":"2026-01-05T17:02:19","slug":"a-propos","status":"publish","type":"page","link":"https:\/\/aerocontactsa.com\/?page_id=18","title":{"rendered":"\u00c0 propos"},"content":{"rendered":"\n<p><strong>\u00c0 propos d\u2019Aerocontact Switzerland SA<\/strong><\/p>\n\n\n\n<p>Aerocontact Switzerland SA est une soci\u00e9t\u00e9 bas\u00e9e \u00e0 Gen\u00e8ve, en Suisse.<\/p>\n\n\n\n<p>L\u2019entreprise propose des solutions de communication et d\u2019assistance digitale destin\u00e9es aux entreprises, avec un accent particulier sur l\u2019automatisation des \u00e9changes et l\u2019optimisation des canaux de contact.<\/p>\n\n\n\n<p>Aerocontact Switzerland SA op\u00e8re dans le respect des r\u00e9glementations en vigueur et accorde une importance particuli\u00e8re \u00e0 la protection des donn\u00e9es et \u00e0 la confidentialit\u00e9 des informations trait\u00e9es.<\/p>\n","protected":false},"excerpt":{"rendered":"<p>\u00c0 propos d\u2019Aerocontact Switzerland SA Aerocontact Switzerland SA est une soci\u00e9t\u00e9 bas\u00e9e \u00e0 Gen\u00e8ve, en Suisse. L\u2019entreprise propose des solutions de communication et d\u2019assistance digitale destin\u00e9es aux entreprises, avec un accent particulier sur l\u2019automatisation des \u00e9changes et l\u2019optimisation des canaux de contact. Aerocontact Switzerland SA op\u00e8re dans le respect des r\u00e9glementations en vigueur et accorde [&hellip;]<\/p>\n","protected":false},"author":1,"featured_media":0,"parent":0,"menu_order":0,"comment_status":"closed","ping_status":"closed","template":"","meta":{"footnotes":""},"class_list":["post-18","page","type-page","status-publish","hentry"],"_links":{"self":[{"href":"https:\/\/aerocontactsa.com\/index.php?rest_route=\/wp\/v2\/pages\/18","targetHints":{"allow":["GET"]}}],"collection":[{"href":"https:\/\/aerocontactsa.com\/index.php?rest_route=\/wp\/v2\/pages"}],"about":[{"href":"https:\/\/aerocontactsa.com\/index.php?rest_route=\/wp\/v2\/types\/page"}],"author":[{"embeddable":true,"href":"https:\/\/aerocontactsa.com\/index.php?rest_route=\/wp\/v2\/users\/1"}],"replies":[{"embeddable":true,"href":"https:\/\/aerocontactsa.com\/index.php?rest_route=%2Fwp%2Fv2%2Fcomments&post=18"}],"version-history":[{"count":1,"href":"https:\/\/aerocontactsa.com\/index.php?rest_route=\/wp\/v2\/pages\/18\/revisions"}],"predecessor-version":[{"id":19,"href":"https:\/\/aerocontactsa.com\/index.php?rest_route=\/wp\/v2\/pages\/18\/revisions\/19"}],"wp:attachment":[{"href":"https:\/\/aerocontactsa.com\/index.php?rest_route=%2Fwp%2Fv2%2Fmedia&parent=18"}],"curies":[{"name":"wp","href":"https:\/\/api.w.org\/{rel}","templated":true}]}}