{"id":6,"date":"2026-01-04T14:32:49","date_gmt":"2026-01-04T14:32:49","guid":{"rendered":"https:\/\/aerocontactsa.com\/?page_id=6"},"modified":"2026-01-05T21:49:14","modified_gmt":"2026-01-05T21:49:14","slug":"accueil","status":"publish","type":"page","link":"https:\/\/aerocontactsa.com\/","title":{"rendered":"Accueil"},"content":{"rendered":"\n<blockquote class=\"wp-block-quote is-layout-flow wp-block-quote-is-layout-flow\">\n<h1 class=\"wp-block-heading\"><strong>Solutions de communication et d\u2019automatisation pour les entreprises<\/strong><\/h1>\n<\/blockquote>\n\n\n\n<blockquote class=\"wp-block-quote is-layout-flow wp-block-quote-is-layout-flow\">\n<h2 class=\"wp-block-heading\"><strong>Des solutions performantes pour am\u00e9liorer la relation client et automatiser vos \u00e9changes<\/strong><\/h2>\n<\/blockquote>\n\n\n\n<p class=\"has-text-align-center\"><\/p>\n\n\n\n<h2 class=\"wp-block-heading has-text-align-center\"><strong>Ce que nous faisons<\/strong><\/h2>\n\n\n\n<div class=\"wp-block-columns is-layout-flex wp-container-core-columns-is-layout-28f84493 wp-block-columns-is-layout-flex\">\n<div class=\"wp-block-column is-layout-flow wp-block-column-is-layout-flow\">\n<p>1\ufe0f\u20e3&nbsp;<strong>Automatisation de la communication client<\/strong><\/p>\n\n\n\n<p>Nous mettons en place des solutions automatis\u00e9es pour r\u00e9pondre plus vite \u00e0 vos clients et am\u00e9liorer leur exp\u00e9rience.<\/p>\n<\/div>\n\n\n\n<div class=\"wp-block-column is-layout-flow wp-block-column-is-layout-flow\">\n<p>2\ufe0f\u20e3&nbsp;<strong>Int\u00e9gration WhatsApp Business &amp; API<\/strong><\/p>\n\n\n\n<p>Connexion de WhatsApp \u00e0 vos outils pour centraliser les \u00e9changes et communiquer efficacement \u00e0 grande \u00e9chelle.<\/p>\n<\/div>\n\n\n\n<div class=\"wp-block-column is-layout-flow wp-block-column-is-layout-flow\">\n<p>3\ufe0f\u20e3&nbsp;<strong>Support et assistance digitale<\/strong><\/p>\n\n\n\n<p>Accompagnement technique et support continu pour garantir la performance de vos solutions.<\/p>\n<\/div>\n<\/div>\n\n\n\n<p><\/p>\n\n\n\n<h2 class=\"wp-block-heading has-text-align-center\"><strong>Pourquoi Aerocontact<\/strong><\/h2>\n\n\n\n<ul class=\"wp-block-list\">\n<li>\ud83c\udde8\ud83c\udded\u00a0<strong>Bas\u00e9 en Suisse<\/strong><\/li>\n\n\n\n<li>\ud83d\udd12\u00a0<strong>Conformit\u00e9 LPD \/ RGPD<\/strong><\/li>\n\n\n\n<li>\ud83c\udfaf\u00a0<strong>Solutions sur mesure pour les entreprises<\/strong><\/li>\n<\/ul>\n\n\n\n<p><\/p>\n\n\n\n<h2 class=\"wp-block-heading has-text-align-center\"><strong>Parlons de votre projet<\/strong><\/h2>\n\n\n\n<p>Contactez-nous pour mettre en place une solution adapt\u00e9e \u00e0 vos besoins.<\/p>\n\n\n\n<div class=\"wp-block-buttons is-layout-flex wp-container-core-buttons-is-layout-168ce233 wp-block-buttons-is-layout-flex\">\n<div class=\"wp-block-button\"><a class=\"wp-block-button__link has-text-align-center wp-element-button\" href=\"https:\/\/aerocontactsa.com\/?page_id=9\"><strong>Contactez-nous<\/strong><\/a><\/div>\n<\/div>\n","protected":false},"excerpt":{"rendered":"<p>Solutions de communication et d\u2019automatisation pour les entreprises Des solutions performantes pour am\u00e9liorer la relation client et automatiser vos \u00e9changes Ce que nous faisons 1\ufe0f\u20e3&nbsp;Automatisation de la communication client Nous mettons en place des solutions automatis\u00e9es pour r\u00e9pondre plus vite \u00e0 vos clients et am\u00e9liorer leur exp\u00e9rience. 2\ufe0f\u20e3&nbsp;Int\u00e9gration WhatsApp Business &amp; API Connexion de WhatsApp [&hellip;]<\/p>\n","protected":false},"author":1,"featured_media":0,"parent":0,"menu_order":0,"comment_status":"closed","ping_status":"closed","template":"","meta":{"footnotes":""},"class_list":["post-6","page","type-page","status-publish","hentry"],"_links":{"self":[{"href":"https:\/\/aerocontactsa.com\/index.php?rest_route=\/wp\/v2\/pages\/6","targetHints":{"allow":["GET"]}}],"collection":[{"href":"https:\/\/aerocontactsa.com\/index.php?rest_route=\/wp\/v2\/pages"}],"about":[{"href":"https:\/\/aerocontactsa.com\/index.php?rest_route=\/wp\/v2\/types\/page"}],"author":[{"embeddable":true,"href":"https:\/\/aerocontactsa.com\/index.php?rest_route=\/wp\/v2\/users\/1"}],"replies":[{"embeddable":true,"href":"https:\/\/aerocontactsa.com\/index.php?rest_route=%2Fwp%2Fv2%2Fcomments&post=6"}],"version-history":[{"count":4,"href":"https:\/\/aerocontactsa.com\/index.php?rest_route=\/wp\/v2\/pages\/6\/revisions"}],"predecessor-version":[{"id":33,"href":"https:\/\/aerocontactsa.com\/index.php?rest_route=\/wp\/v2\/pages\/6\/revisions\/33"}],"wp:attachment":[{"href":"https:\/\/aerocontactsa.com\/index.php?rest_route=%2Fwp%2Fv2%2Fmedia&parent=6"}],"curies":[{"name":"wp","href":"https:\/\/api.w.org\/{rel}","templated":true}]}}