{"id":9,"date":"2026-01-04T14:33:42","date_gmt":"2026-01-04T14:33:42","guid":{"rendered":"https:\/\/aerocontactsa.com\/?page_id=9"},"modified":"2026-01-10T16:04:12","modified_gmt":"2026-01-10T16:04:12","slug":"contact","status":"publish","type":"page","link":"https:\/\/aerocontactsa.com\/?page_id=9","title":{"rendered":"Contact"},"content":{"rendered":"\n<p>Contactez Aerocontact Switzerland SA<\/p>\n\n\n\n<p>Adresse :<br>Rue Liotard 62<br>1203 Gen\u00e8ve<br>Suisse<\/p>\n\n\n\n<p>Email :<br>contact@aerocontactsa.com<\/p>\n\n\n\n<p>Num\u00e9ro de t\u00e9l\u00e9phone :<br>+41 77 293 00 36<\/p>\n\n\n\n<p>Aerocontact Switzerland SA est \u00e0 votre disposition pour toute demande d\u2019information concernant ses services.<\/p>\n","protected":false},"excerpt":{"rendered":"<p>Contactez Aerocontact Switzerland SA Adresse :Rue Liotard 621203 Gen\u00e8veSuisse Email :contact@aerocontactsa.com Num\u00e9ro de t\u00e9l\u00e9phone :+41 77 293 00 36 Aerocontact Switzerland SA est \u00e0 votre disposition pour toute demande d\u2019information concernant ses services.<\/p>\n","protected":false},"author":1,"featured_media":0,"parent":0,"menu_order":0,"comment_status":"closed","ping_status":"closed","template":"","meta":{"footnotes":""},"class_list":["post-9","page","type-page","status-publish","hentry"],"_links":{"self":[{"href":"https:\/\/aerocontactsa.com\/index.php?rest_route=\/wp\/v2\/pages\/9","targetHints":{"allow":["GET"]}}],"collection":[{"href":"https:\/\/aerocontactsa.com\/index.php?rest_route=\/wp\/v2\/pages"}],"about":[{"href":"https:\/\/aerocontactsa.com\/index.php?rest_route=\/wp\/v2\/types\/page"}],"author":[{"embeddable":true,"href":"https:\/\/aerocontactsa.com\/index.php?rest_route=\/wp\/v2\/users\/1"}],"replies":[{"embeddable":true,"href":"https:\/\/aerocontactsa.com\/index.php?rest_route=%2Fwp%2Fv2%2Fcomments&post=9"}],"version-history":[{"count":5,"href":"https:\/\/aerocontactsa.com\/index.php?rest_route=\/wp\/v2\/pages\/9\/revisions"}],"predecessor-version":[{"id":36,"href":"https:\/\/aerocontactsa.com\/index.php?rest_route=\/wp\/v2\/pages\/9\/revisions\/36"}],"wp:attachment":[{"href":"https:\/\/aerocontactsa.com\/index.php?rest_route=%2Fwp%2Fv2%2Fmedia&parent=9"}],"curies":[{"name":"wp","href":"https:\/\/api.w.org\/{rel}","templated":true}]}}